{"id":1125,"date":"2025-03-26T12:29:17","date_gmt":"2025-03-26T12:29:17","guid":{"rendered":"https:\/\/kaliprodaction.com\/?page_id=1125"},"modified":"2025-03-26T12:50:16","modified_gmt":"2025-03-26T12:50:16","slug":"mentions-legales","status":"publish","type":"page","link":"https:\/\/kaliprodaction.com\/en\/mentions-legales\/","title":{"rendered":"Mentions l\u00e9gales"},"content":{"rendered":"<div data-elementor-type=\"wp-page\" data-elementor-id=\"1125\" class=\"elementor elementor-1125\" data-elementor-post-type=\"page\">\n\t\t\t\t\t\t<section class=\"elementor-section elementor-top-section elementor-element elementor-element-8ec2549 elementor-section-height-full elementor-section-boxed elementor-section-height-default elementor-section-items-middle\" data-id=\"8ec2549\" data-element_type=\"section\" data-e-type=\"section\" data-settings=\"{&quot;background_background&quot;:&quot;classic&quot;}\">\n\t\t\t\t\t\t<div class=\"elementor-container elementor-column-gap-default\">\n\t\t\t\t\t<div class=\"elementor-column elementor-col-100 elementor-top-column elementor-element elementor-element-cb27658\" data-id=\"cb27658\" data-element_type=\"column\" data-e-type=\"column\">\n\t\t\t<div class=\"elementor-widget-wrap elementor-element-populated\">\n\t\t\t\t\t\t<div class=\"elementor-element elementor-element-1d11324 elementor-widget elementor-widget-heading\" data-id=\"1d11324\" data-element_type=\"widget\" data-e-type=\"widget\" data-widget_type=\"heading.default\">\n\t\t\t\t<div class=\"elementor-widget-container\">\n\t\t\t\t\t<h2 class=\"elementor-heading-title elementor-size-default\">LEGAL NOTICE<\/h2>\t\t\t\t<\/div>\n\t\t\t\t<\/div>\n\t\t\t\t<div class=\"elementor-element elementor-element-7dec2d7 elementor-widget elementor-widget-text-editor\" data-id=\"7dec2d7\" data-element_type=\"widget\" data-e-type=\"widget\" data-widget_type=\"text-editor.default\">\n\t\t\t\t<div class=\"elementor-widget-container\">\n\t\t\t\t\t\t\t\t\t<div class=\"elementor-element elementor-element-5aaa344 elementor-widget elementor-widget-heading\" data-id=\"5aaa344\" data-element_type=\"widget\" data-widget_type=\"heading.default\"><div class=\"elementor-widget-container\"><p class=\"elementor-heading-title elementor-size-default\"><strong>Ownership, creation &amp; hosting of the site :<\/strong><\/p><\/div><\/div><div class=\"elementor-element elementor-element-d8da632 elementor-widget elementor-widget-text-editor\" data-id=\"d8da632\" data-element_type=\"widget\" data-widget_type=\"text-editor.default\"><div class=\"elementor-widget-container\"><p>KALIPROD&rsquo;ACTION<\/p><p>SAS with a capital of \u20ac 2,000<\/p><p>RCS Paris B 979321254<\/p><p>1 rue de Stockholm<br \/>75008, France<\/p><p>contact@kaliprodaction.com<\/p><p>A website\u00a0<strong><a href=\"https:\/\/mistercrea.com\/\">mistercrea.com<\/a><\/strong><\/p><p><strong>Intellectual property :<\/strong><\/p><p>The whole of this site constitutes a work protected by the laws in force on intellectual property. It may not be reproduced or represented, in whole or in part, without prior agreement.<\/p><p><strong>Use of data :<\/strong><\/p><p>Your personal data is collected and processed in accordance with French law (Law no. 78-17 of 6 January 1978) and European directives on the protection of personal data (Directive 2002\/58 of 12 July 2002 and Directive 95\/46 of 24 October 1995).<\/p><\/div><\/div>\t\t\t\t\t\t\t\t<\/div>\n\t\t\t\t<\/div>\n\t\t\t\t\t<\/div>\n\t\t<\/div>\n\t\t\t\t\t<\/div>\n\t\t<\/section>\n\t\t\t\t<\/div>","protected":false},"excerpt":{"rendered":"<p>MENTIONS L\u00c9GALES Propri\u00e9t\u00e9, cr\u00e9ation &amp; h\u00e9bergement du site : KALIPROD&rsquo;ACTION SAS au capital de 2.000 \u20ac RCS Paris B 979321254 1 rue de Stockholm75008, France contact@kaliprodaction.com Un site de\u00a0mistercrea.com Propri\u00e9t\u00e9 intellectuelle : L\u2019ensemble de ce site constitue une oeuvre prot\u00e9g\u00e9e par les lois en vigueur sur la propri\u00e9t\u00e9 intellectuelle. Aucune reproduction et repr\u00e9sentation, partielle ou [&hellip;]<\/p>","protected":false},"author":1,"featured_media":0,"parent":0,"menu_order":0,"comment_status":"closed","ping_status":"closed","template":"","meta":{"inline_featured_image":false,"footnotes":""},"class_list":["post-1125","page","type-page","status-publish","hentry"],"yoast_head":"<!-- This site is optimized with the Yoast SEO plugin v24.7 - https:\/\/yoast.com\/wordpress\/plugins\/seo\/ -->\n<title>Mentions l\u00e9gales - Kaliprod&#039;Action<\/title>\n<meta name=\"robots\" content=\"index, follow, max-snippet:-1, max-image-preview:large, max-video-preview:-1\" \/>\n<link rel=\"canonical\" href=\"https:\/\/kaliprodaction.com\/en\/mentions-legales\/\" \/>\n<meta property=\"og:locale\" content=\"en_GB\" \/>\n<meta property=\"og:type\" content=\"article\" \/>\n<meta property=\"og:title\" content=\"Mentions l\u00e9gales - Kaliprod&#039;Action\" \/>\n<meta property=\"og:description\" content=\"MENTIONS L\u00c9GALES Propri\u00e9t\u00e9, cr\u00e9ation &amp; h\u00e9bergement du site : KALIPROD&rsquo;ACTION SAS au capital de 2.000 \u20ac RCS Paris B 979321254 1 rue de Stockholm75008, France contact@kaliprodaction.com Un site de\u00a0mistercrea.com Propri\u00e9t\u00e9 intellectuelle : L\u2019ensemble de ce site constitue une oeuvre prot\u00e9g\u00e9e par les lois en vigueur sur la propri\u00e9t\u00e9 intellectuelle. Aucune reproduction et repr\u00e9sentation, partielle ou [&hellip;]\" \/>\n<meta property=\"og:url\" content=\"https:\/\/kaliprodaction.com\/en\/mentions-legales\/\" \/>\n<meta property=\"og:site_name\" content=\"Kaliprod&#039;Action\" \/>\n<meta property=\"article:modified_time\" content=\"2025-03-26T12:50:16+00:00\" \/>\n<meta name=\"twitter:card\" content=\"summary_large_image\" \/>\n<meta name=\"twitter:label1\" content=\"Estimated reading time\" \/>\n\t<meta name=\"twitter:data1\" content=\"1 minute\" \/>\n<script type=\"application\/ld+json\" class=\"yoast-schema-graph\">{\"@context\":\"https:\/\/schema.org\",\"@graph\":[{\"@type\":\"WebPage\",\"@id\":\"https:\/\/kaliprodaction.com\/en\/mentions-legales\/\",\"url\":\"https:\/\/kaliprodaction.com\/en\/mentions-legales\/\",\"name\":\"Mentions l\u00e9gales - Kaliprod&#039;Action\",\"isPartOf\":{\"@id\":\"https:\/\/www.kaliprodaction.com\/en\/#website\"},\"datePublished\":\"2025-03-26T12:29:17+00:00\",\"dateModified\":\"2025-03-26T12:50:16+00:00\",\"breadcrumb\":{\"@id\":\"https:\/\/kaliprodaction.com\/en\/mentions-legales\/#breadcrumb\"},\"inLanguage\":\"en-GB\",\"potentialAction\":[{\"@type\":\"ReadAction\",\"target\":[\"https:\/\/kaliprodaction.com\/en\/mentions-legales\/\"]}]},{\"@type\":\"BreadcrumbList\",\"@id\":\"https:\/\/kaliprodaction.com\/en\/mentions-legales\/#breadcrumb\",\"itemListElement\":[{\"@type\":\"ListItem\",\"position\":1,\"name\":\"Home\",\"item\":\"https:\/\/www.kaliprodaction.com\/en\/\"},{\"@type\":\"ListItem\",\"position\":2,\"name\":\"Mentions l\u00e9gales\"}]},{\"@type\":\"WebSite\",\"@id\":\"https:\/\/www.kaliprodaction.com\/en\/#website\",\"url\":\"https:\/\/www.kaliprodaction.com\/en\/\",\"name\":\"Kaliprod'Action\",\"description\":\"\",\"publisher\":{\"@id\":\"https:\/\/www.kaliprodaction.com\/en\/#organization\"},\"potentialAction\":[{\"@type\":\"SearchAction\",\"target\":{\"@type\":\"EntryPoint\",\"urlTemplate\":\"https:\/\/www.kaliprodaction.com\/en\/?s={search_term_string}\"},\"query-input\":{\"@type\":\"PropertyValueSpecification\",\"valueRequired\":true,\"valueName\":\"search_term_string\"}}],\"inLanguage\":\"en-GB\"},{\"@type\":\"Organization\",\"@id\":\"https:\/\/www.kaliprodaction.com\/en\/#organization\",\"name\":\"Kaliprod'Action\",\"url\":\"https:\/\/www.kaliprodaction.com\/en\/\",\"logo\":{\"@type\":\"ImageObject\",\"inLanguage\":\"en-GB\",\"@id\":\"https:\/\/www.kaliprodaction.com\/en\/#\/schema\/logo\/image\/\",\"url\":\"https:\/\/kaliprodaction.com\/wp-content\/uploads\/2025\/03\/FAVICON.png\",\"contentUrl\":\"https:\/\/kaliprodaction.com\/wp-content\/uploads\/2025\/03\/FAVICON.png\",\"width\":512,\"height\":512,\"caption\":\"Kaliprod'Action\"},\"image\":{\"@id\":\"https:\/\/www.kaliprodaction.com\/en\/#\/schema\/logo\/image\/\"}}]}<\/script>\n<!-- \/ Yoast SEO plugin. -->","yoast_head_json":{"title":"Mentions l\u00e9gales - Kaliprod&#039;Action","robots":{"index":"index","follow":"follow","max-snippet":"max-snippet:-1","max-image-preview":"max-image-preview:large","max-video-preview":"max-video-preview:-1"},"canonical":"https:\/\/kaliprodaction.com\/en\/mentions-legales\/","og_locale":"en_GB","og_type":"article","og_title":"Mentions l\u00e9gales - Kaliprod&#039;Action","og_description":"MENTIONS L\u00c9GALES Propri\u00e9t\u00e9, cr\u00e9ation &amp; h\u00e9bergement du site : KALIPROD&rsquo;ACTION SAS au capital de 2.000 \u20ac RCS Paris B 979321254 1 rue de Stockholm75008, France contact@kaliprodaction.com Un site de\u00a0mistercrea.com Propri\u00e9t\u00e9 intellectuelle : L\u2019ensemble de ce site constitue une oeuvre prot\u00e9g\u00e9e par les lois en vigueur sur la propri\u00e9t\u00e9 intellectuelle. Aucune reproduction et repr\u00e9sentation, partielle ou [&hellip;]","og_url":"https:\/\/kaliprodaction.com\/en\/mentions-legales\/","og_site_name":"Kaliprod&#039;Action","article_modified_time":"2025-03-26T12:50:16+00:00","twitter_card":"summary_large_image","twitter_misc":{"Estimated reading time":"1 minute"},"schema":{"@context":"https:\/\/schema.org","@graph":[{"@type":"WebPage","@id":"https:\/\/kaliprodaction.com\/en\/mentions-legales\/","url":"https:\/\/kaliprodaction.com\/en\/mentions-legales\/","name":"Mentions l\u00e9gales - Kaliprod&#039;Action","isPartOf":{"@id":"https:\/\/www.kaliprodaction.com\/en\/#website"},"datePublished":"2025-03-26T12:29:17+00:00","dateModified":"2025-03-26T12:50:16+00:00","breadcrumb":{"@id":"https:\/\/kaliprodaction.com\/en\/mentions-legales\/#breadcrumb"},"inLanguage":"en-GB","potentialAction":[{"@type":"ReadAction","target":["https:\/\/kaliprodaction.com\/en\/mentions-legales\/"]}]},{"@type":"BreadcrumbList","@id":"https:\/\/kaliprodaction.com\/en\/mentions-legales\/#breadcrumb","itemListElement":[{"@type":"ListItem","position":1,"name":"Home","item":"https:\/\/www.kaliprodaction.com\/en\/"},{"@type":"ListItem","position":2,"name":"Mentions l\u00e9gales"}]},{"@type":"WebSite","@id":"https:\/\/www.kaliprodaction.com\/en\/#website","url":"https:\/\/www.kaliprodaction.com\/en\/","name":"Kaliprod'Action","description":"","publisher":{"@id":"https:\/\/www.kaliprodaction.com\/en\/#organization"},"potentialAction":[{"@type":"SearchAction","target":{"@type":"EntryPoint","urlTemplate":"https:\/\/www.kaliprodaction.com\/en\/?s={search_term_string}"},"query-input":{"@type":"PropertyValueSpecification","valueRequired":true,"valueName":"search_term_string"}}],"inLanguage":"en-GB"},{"@type":"Organization","@id":"https:\/\/www.kaliprodaction.com\/en\/#organization","name":"Kaliprod'Action","url":"https:\/\/www.kaliprodaction.com\/en\/","logo":{"@type":"ImageObject","inLanguage":"en-GB","@id":"https:\/\/www.kaliprodaction.com\/en\/#\/schema\/logo\/image\/","url":"https:\/\/kaliprodaction.com\/wp-content\/uploads\/2025\/03\/FAVICON.png","contentUrl":"https:\/\/kaliprodaction.com\/wp-content\/uploads\/2025\/03\/FAVICON.png","width":512,"height":512,"caption":"Kaliprod'Action"},"image":{"@id":"https:\/\/www.kaliprodaction.com\/en\/#\/schema\/logo\/image\/"}}]}},"_links":{"self":[{"href":"https:\/\/kaliprodaction.com\/en\/wp-json\/wp\/v2\/pages\/1125","targetHints":{"allow":["GET"]}}],"collection":[{"href":"https:\/\/kaliprodaction.com\/en\/wp-json\/wp\/v2\/pages"}],"about":[{"href":"https:\/\/kaliprodaction.com\/en\/wp-json\/wp\/v2\/types\/page"}],"author":[{"embeddable":true,"href":"https:\/\/kaliprodaction.com\/en\/wp-json\/wp\/v2\/users\/1"}],"replies":[{"embeddable":true,"href":"https:\/\/kaliprodaction.com\/en\/wp-json\/wp\/v2\/comments?post=1125"}],"version-history":[{"count":7,"href":"https:\/\/kaliprodaction.com\/en\/wp-json\/wp\/v2\/pages\/1125\/revisions"}],"predecessor-version":[{"id":1136,"href":"https:\/\/kaliprodaction.com\/en\/wp-json\/wp\/v2\/pages\/1125\/revisions\/1136"}],"wp:attachment":[{"href":"https:\/\/kaliprodaction.com\/en\/wp-json\/wp\/v2\/media?parent=1125"}],"curies":[{"name":"wp","href":"https:\/\/api.w.org\/{rel}","templated":true}]}}