{"id":66,"date":"2025-02-04T09:13:26","date_gmt":"2025-02-04T09:13:26","guid":{"rendered":"https:\/\/kaliprodaction.com\/?page_id=66"},"modified":"2025-03-28T15:48:12","modified_gmt":"2025-03-28T15:48:12","slug":"contact","status":"publish","type":"page","link":"https:\/\/kaliprodaction.com\/en\/contact\/","title":{"rendered":"Contact"},"content":{"rendered":"<div data-elementor-type=\"wp-page\" data-elementor-id=\"66\" class=\"elementor elementor-66\" data-elementor-post-type=\"page\">\n\t\t\t\t\t\t<section class=\"elementor-section elementor-top-section elementor-element elementor-element-d3658b elementor-section-full_width elementor-section-height-min-height elementor-section-items-stretch elementor-section-content-middle elementor-section-height-default\" data-id=\"d3658b\" data-element_type=\"section\" data-e-type=\"section\" id=\"scroll9\" data-settings=\"{&quot;background_background&quot;:&quot;classic&quot;}\">\n\t\t\t\t\t\t<div class=\"elementor-container elementor-column-gap-no\">\n\t\t\t\t\t<div class=\"elementor-column elementor-col-50 elementor-top-column elementor-element elementor-element-19adee5f\" data-id=\"19adee5f\" data-element_type=\"column\" data-e-type=\"column\" data-settings=\"{&quot;background_background&quot;:&quot;classic&quot;}\">\n\t\t\t<div class=\"elementor-widget-wrap elementor-element-populated\">\n\t\t\t\t\t<div class=\"elementor-background-overlay\"><\/div>\n\t\t\t\t\t\t<div class=\"elementor-element elementor-element-6632be77 elementor-widget elementor-widget-spacer\" data-id=\"6632be77\" data-element_type=\"widget\" data-e-type=\"widget\" data-widget_type=\"spacer.default\">\n\t\t\t\t<div class=\"elementor-widget-container\">\n\t\t\t\t\t\t\t<div class=\"elementor-spacer\">\n\t\t\t<div class=\"elementor-spacer-inner\"><\/div>\n\t\t<\/div>\n\t\t\t\t\t\t<\/div>\n\t\t\t\t<\/div>\n\t\t\t\t\t<\/div>\n\t\t<\/div>\n\t\t\t\t<div class=\"elementor-column elementor-col-50 elementor-top-column elementor-element elementor-element-7bbc6910\" data-id=\"7bbc6910\" data-element_type=\"column\" data-e-type=\"column\" data-settings=\"{&quot;background_background&quot;:&quot;classic&quot;}\">\n\t\t\t<div class=\"elementor-widget-wrap elementor-element-populated\">\n\t\t\t\t\t\t<div class=\"elementor-element elementor-element-6ff0521d elementor-widget elementor-widget-heading\" data-id=\"6ff0521d\" data-element_type=\"widget\" data-e-type=\"widget\" data-widget_type=\"heading.default\">\n\t\t\t\t<div class=\"elementor-widget-container\">\n\t\t\t\t\t<h2 class=\"elementor-heading-title elementor-size-default\">Contact us<\/h2>\t\t\t\t<\/div>\n\t\t\t\t<\/div>\n\t\t\t\t<div class=\"elementor-element elementor-element-57c58a65 elementor-widget elementor-widget-heading\" data-id=\"57c58a65\" data-element_type=\"widget\" data-e-type=\"widget\" data-widget_type=\"heading.default\">\n\t\t\t\t<div class=\"elementor-widget-container\">\n\t\t\t\t\t<h6 class=\"elementor-heading-title elementor-size-default\">To schedule an appointment, give us a call.\n<br><p>\n <span style=\"color:#FF0000\">We would be delighted to assist you !<\/span><span style=\"color: var( --e-global-color-secondary )\"><\/span><\/p><\/h6>\t\t\t\t<\/div>\n\t\t\t\t<\/div>\n\t\t\t\t<section class=\"elementor-section elementor-inner-section elementor-element elementor-element-55c29f1 elementor-section-boxed elementor-section-height-default elementor-section-height-default elementor-invisible\" data-id=\"55c29f1\" data-element_type=\"section\" data-e-type=\"section\" data-settings=\"{&quot;animation&quot;:&quot;zoomIn&quot;}\">\n\t\t\t\t\t\t<div class=\"elementor-container elementor-column-gap-default\">\n\t\t\t\t\t<div class=\"elementor-column elementor-col-50 elementor-inner-column elementor-element elementor-element-a052384\" data-id=\"a052384\" data-element_type=\"column\" data-e-type=\"column\">\n\t\t\t<div class=\"elementor-widget-wrap elementor-element-populated\">\n\t\t\t\t\t\t<div class=\"elementor-element elementor-element-e2e72b9 elementor-position-top elementor-widget elementor-widget-image-box\" data-id=\"e2e72b9\" data-element_type=\"widget\" data-e-type=\"widget\" data-widget_type=\"image-box.default\">\n\t\t\t\t<div class=\"elementor-widget-container\">\n\t\t\t\t\t<div class=\"elementor-image-box-wrapper\"><figure class=\"elementor-image-box-img\"><a href=\"tel:+33665877034%20\" tabindex=\"-1\"><img decoding=\"async\" width=\"125\" height=\"125\" src=\"https:\/\/kaliprodaction.com\/wp-content\/uploads\/2025\/02\/Fichier-22.svg\" class=\"attachment-full size-full wp-image-208\" alt=\"\" \/><\/a><\/figure><div class=\"elementor-image-box-content\"><h3 class=\"elementor-image-box-title\"><a href=\"tel:+33665877034%20\">Phone<\/a><\/h3><p class=\"elementor-image-box-description\">+33 6 65 87 70 34<\/p><\/div><\/div>\t\t\t\t<\/div>\n\t\t\t\t<\/div>\n\t\t\t\t\t<\/div>\n\t\t<\/div>\n\t\t\t\t<div class=\"elementor-column elementor-col-50 elementor-inner-column elementor-element elementor-element-294b258\" data-id=\"294b258\" data-element_type=\"column\" data-e-type=\"column\">\n\t\t\t<div class=\"elementor-widget-wrap elementor-element-populated\">\n\t\t\t\t\t\t<div class=\"elementor-element elementor-element-8d5e4e5 elementor-position-top elementor-widget elementor-widget-image-box\" data-id=\"8d5e4e5\" data-element_type=\"widget\" data-e-type=\"widget\" data-widget_type=\"image-box.default\">\n\t\t\t\t<div class=\"elementor-widget-container\">\n\t\t\t\t\t<div class=\"elementor-image-box-wrapper\"><figure class=\"elementor-image-box-img\"><a href=\"mailto:contact@kaliprodaction.com\" target=\"_blank\" tabindex=\"-1\"><img decoding=\"async\" width=\"125\" height=\"125\" src=\"https:\/\/kaliprodaction.com\/wp-content\/uploads\/2025\/02\/Fichier-23.svg\" class=\"attachment-full size-full wp-image-209\" alt=\"\" \/><\/a><\/figure><div class=\"elementor-image-box-content\"><h3 class=\"elementor-image-box-title\"><a href=\"mailto:contact@kaliprodaction.com\" target=\"_blank\">e-mail<\/a><\/h3><p class=\"elementor-image-box-description\">contact@kaliprodaction.com<\/p><\/div><\/div>\t\t\t\t<\/div>\n\t\t\t\t<\/div>\n\t\t\t\t\t<\/div>\n\t\t<\/div>\n\t\t\t\t\t<\/div>\n\t\t<\/section>\n\t\t\t\t\t<\/div>\n\t\t<\/div>\n\t\t\t\t\t<\/div>\n\t\t<\/section>\n\t\t\t\t<section class=\"elementor-section elementor-top-section elementor-element elementor-element-16c43bd elementor-section-boxed elementor-section-height-default elementor-section-height-default\" data-id=\"16c43bd\" data-element_type=\"section\" data-e-type=\"section\">\n\t\t\t\t\t\t<div class=\"elementor-container elementor-column-gap-default\">\n\t\t\t\t\t<div class=\"elementor-column elementor-col-100 elementor-top-column elementor-element elementor-element-1fcd85f\" data-id=\"1fcd85f\" data-element_type=\"column\" data-e-type=\"column\">\n\t\t\t<div class=\"elementor-widget-wrap elementor-element-populated\">\n\t\t\t\t\t\t<div class=\"elementor-element elementor-element-a365635 elementor-fixed elementor-widget elementor-widget-image\" data-id=\"a365635\" data-element_type=\"widget\" data-e-type=\"widget\" data-settings=\"{&quot;_position&quot;:&quot;fixed&quot;}\" data-widget_type=\"image.default\">\n\t\t\t\t<div class=\"elementor-widget-container\">\n\t\t\t\t\t\t\t\t\t\t\t\t\t\t\t\t<a href=\"#scroll9\">\n\t\t\t\t\t\t\t<img fetchpriority=\"high\" decoding=\"async\" width=\"800\" height=\"800\" src=\"https:\/\/kaliprodaction.com\/wp-content\/uploads\/2025\/03\/Fichier-1-1024x1024.png\" class=\"attachment-large size-large wp-image-767\" alt=\"\" srcset=\"https:\/\/kaliprodaction.com\/wp-content\/uploads\/2025\/03\/Fichier-1-1024x1024.png 1024w, https:\/\/kaliprodaction.com\/wp-content\/uploads\/2025\/03\/Fichier-1-300x300.png 300w, https:\/\/kaliprodaction.com\/wp-content\/uploads\/2025\/03\/Fichier-1-150x150.png 150w, https:\/\/kaliprodaction.com\/wp-content\/uploads\/2025\/03\/Fichier-1-768x768.png 768w, https:\/\/kaliprodaction.com\/wp-content\/uploads\/2025\/03\/Fichier-1.png 1200w\" sizes=\"(max-width: 800px) 100vw, 800px\" \/>\t\t\t\t\t\t\t\t<\/a>\n\t\t\t\t\t\t\t\t\t\t\t\t\t\t\t<\/div>\n\t\t\t\t<\/div>\n\t\t\t\t\t<\/div>\n\t\t<\/div>\n\t\t\t\t\t<\/div>\n\t\t<\/section>\n\t\t\t\t<section class=\"elementor-section elementor-top-section elementor-element elementor-element-510c9d1e elementor-section-full_width elementor-section-height-default elementor-section-height-default\" data-id=\"510c9d1e\" data-element_type=\"section\" data-e-type=\"section\" data-settings=\"{&quot;background_background&quot;:&quot;classic&quot;}\">\n\t\t\t\t\t\t<div class=\"elementor-container elementor-column-gap-no\">\n\t\t\t\t\t<div class=\"elementor-column elementor-col-100 elementor-top-column elementor-element elementor-element-7ba39f9b\" data-id=\"7ba39f9b\" data-element_type=\"column\" data-e-type=\"column\">\n\t\t\t<div class=\"elementor-widget-wrap elementor-element-populated\">\n\t\t\t\t\t\t<section class=\"elementor-section elementor-inner-section elementor-element elementor-element-788517dd elementor-section-boxed elementor-section-height-default elementor-section-height-default\" data-id=\"788517dd\" data-element_type=\"section\" data-e-type=\"section\">\n\t\t\t\t\t\t<div class=\"elementor-container elementor-column-gap-no\">\n\t\t\t\t\t<div class=\"elementor-column elementor-col-100 elementor-inner-column elementor-element elementor-element-49cc3384\" data-id=\"49cc3384\" data-element_type=\"column\" data-e-type=\"column\">\n\t\t\t<div class=\"elementor-widget-wrap elementor-element-populated\">\n\t\t\t\t\t\t<div class=\"elementor-element elementor-element-6f4c607a elementor-widget elementor-widget-heading\" data-id=\"6f4c607a\" data-element_type=\"widget\" data-e-type=\"widget\" data-widget_type=\"heading.default\">\n\t\t\t\t<div class=\"elementor-widget-container\">\n\t\t\t\t\t<h2 class=\"elementor-heading-title elementor-size-default\">Any questions or<br> an idea in mind ?<\/h2>\t\t\t\t<\/div>\n\t\t\t\t<\/div>\n\t\t\t\t<div class=\"elementor-element elementor-element-529ab3d7 elementor-invisible elementor-widget elementor-widget-text-editor\" data-id=\"529ab3d7\" data-element_type=\"widget\" data-e-type=\"widget\" data-settings=\"{&quot;_animation&quot;:&quot;fadeIn&quot;}\" data-widget_type=\"text-editor.default\">\n\t\t\t\t<div class=\"elementor-widget-container\">\n\t\t\t\t\t\t\t\t\t<p>Tell us everything, we'll take care of the rest !<\/p>\t\t\t\t\t\t\t\t<\/div>\n\t\t\t\t<\/div>\n\t\t\t\t\t<\/div>\n\t\t<\/div>\n\t\t\t\t\t<\/div>\n\t\t<\/section>\n\t\t\t\t<div class=\"elementor-element elementor-element-acc6f05 elementor-button-align-center elementor-invisible elementor-widget elementor-widget-form\" data-id=\"acc6f05\" data-element_type=\"widget\" data-e-type=\"widget\" data-settings=\"{&quot;step_next_label&quot;:&quot;Next&quot;,&quot;step_previous_label&quot;:&quot;Previous&quot;,&quot;_animation&quot;:&quot;fadeIn&quot;,&quot;button_width&quot;:&quot;100&quot;,&quot;step_type&quot;:&quot;number_text&quot;,&quot;step_icon_shape&quot;:&quot;circle&quot;}\" data-widget_type=\"form.default\">\n\t\t\t\t<div class=\"elementor-widget-container\">\n\t\t\t\t\t\t\t<form class=\"elementor-form\" method=\"post\" name=\"Contact Form\" action=\"\">\n\t\t\t<input type=\"hidden\" name=\"post_id\" value=\"66\"\/>\n\t\t\t<input type=\"hidden\" name=\"form_id\" value=\"acc6f05\"\/>\n\t\t\t<input type=\"hidden\" name=\"referer_title\" value=\"Contactez-nous - Kaliprod&#039;Action\" \/>\n\n\t\t\t\t\t\t\t<input type=\"hidden\" name=\"queried_id\" value=\"66\"\/>\n\t\t\t\n\t\t\t<div class=\"elementor-form-fields-wrapper elementor-labels-\">\n\t\t\t\t\t\t\t\t<div class=\"elementor-field-type-text elementor-field-group elementor-column elementor-field-group-field_436f233 elementor-col-50\">\n\t\t\t\t\t\t\t\t\t\t\t\t<label for=\"form-field-field_436f233\" class=\"elementor-field-label elementor-screen-only\">\n\t\t\t\t\t\t\t\tName\t\t\t\t\t\t\t<\/label>\n\t\t\t\t\t\t\t\t\t\t\t\t\t\t<input size=\"1\" type=\"text\" name=\"form_fields[field_436f233]\" id=\"form-field-field_436f233\" class=\"elementor-field elementor-size-sm  elementor-field-textual\" placeholder=\"Name\">\n\t\t\t\t\t\t\t\t\t\t\t<\/div>\n\t\t\t\t\t\t\t\t<div class=\"elementor-field-type-tel elementor-field-group elementor-column elementor-field-group-field_13f8176 elementor-col-50\">\n\t\t\t\t\t\t\t\t\t\t\t\t<label for=\"form-field-field_13f8176\" class=\"elementor-field-label elementor-screen-only\">\n\t\t\t\t\t\t\t\tPhone\t\t\t\t\t\t\t<\/label>\n\t\t\t\t\t\t\t\t<input size=\"1\" type=\"tel\" name=\"form_fields[field_13f8176]\" id=\"form-field-field_13f8176\" class=\"elementor-field elementor-size-sm  elementor-field-textual\" placeholder=\"Phone\" pattern=\"[0-9()#&amp;+*-=.]+\" title=\"Only numbers and phone characters (#, -, *, etc) are accepted.\" data-no-translation-title=\"\">\n\n\t\t\t\t\t\t<\/div>\n\t\t\t\t\t\t\t\t<div class=\"elementor-field-type-email elementor-field-group elementor-column elementor-field-group-email elementor-col-50 elementor-field-required\">\n\t\t\t\t\t\t\t\t\t\t\t\t<label for=\"form-field-email\" class=\"elementor-field-label elementor-screen-only\">\n\t\t\t\t\t\t\t\tEmail\t\t\t\t\t\t\t<\/label>\n\t\t\t\t\t\t\t\t\t\t\t\t\t\t<input size=\"1\" type=\"email\" name=\"form_fields[email]\" id=\"form-field-email\" class=\"elementor-field elementor-size-sm  elementor-field-textual\" placeholder=\"Email\" required=\"required\">\n\t\t\t\t\t\t\t\t\t\t\t<\/div>\n\t\t\t\t\t\t\t\t<div class=\"elementor-field-type-text elementor-field-group elementor-column elementor-field-group-field_e09e076 elementor-col-50 elementor-field-required\">\n\t\t\t\t\t\t\t\t\t\t\t\t<label for=\"form-field-field_e09e076\" class=\"elementor-field-label elementor-screen-only\">\n\t\t\t\t\t\t\t\tSubject\t\t\t\t\t\t\t<\/label>\n\t\t\t\t\t\t\t\t\t\t\t\t\t\t<input size=\"1\" type=\"text\" name=\"form_fields[field_e09e076]\" id=\"form-field-field_e09e076\" class=\"elementor-field elementor-size-sm  elementor-field-textual\" placeholder=\"Subject\" required=\"required\">\n\t\t\t\t\t\t\t\t\t\t\t<\/div>\n\t\t\t\t\t\t\t\t<div class=\"elementor-field-type-textarea elementor-field-group elementor-column elementor-field-group-field_8fc8fef elementor-col-100\">\n\t\t\t\t\t\t\t\t\t\t\t\t<label for=\"form-field-field_8fc8fef\" class=\"elementor-field-label elementor-screen-only\">\n\t\t\t\t\t\t\t\tMessage\t\t\t\t\t\t\t<\/label>\n\t\t\t\t\t\t<textarea class=\"elementor-field-textual elementor-field  elementor-size-sm\" name=\"form_fields[field_8fc8fef]\" id=\"form-field-field_8fc8fef\" rows=\"4\" placeholder=\"Message\"><\/textarea>\t\t\t\t<\/div>\n\t\t\t\t\t\t\t\t<div class=\"elementor-field-group elementor-column elementor-field-type-submit elementor-col-100 e-form__buttons\">\n\t\t\t\t\t<button class=\"elementor-button elementor-size-sm\" type=\"submit\">\n\t\t\t\t\t\t<span class=\"elementor-button-content-wrapper\">\n\t\t\t\t\t\t\t\t\t\t\t\t\t\t\t\t\t\t\t\t\t\t<span class=\"elementor-button-text\">Send<\/span>\n\t\t\t\t\t\t\t\t\t\t\t\t\t<\/span>\n\t\t\t\t\t<\/button>\n\t\t\t\t<\/div>\n\t\t\t<\/div>\n\t\t<input type=\"hidden\" name=\"trp-form-language\" value=\"en\"\/><\/form>\n\t\t\t\t\t\t<\/div>\n\t\t\t\t<\/div>\n\t\t\t\t\t<\/div>\n\t\t<\/div>\n\t\t\t\t\t<\/div>\n\t\t<\/section>\n\t\t\t\t<\/div>","protected":false},"excerpt":{"rendered":"<p>Contactez-nous Pour prendre rendez-vous, appelez-nous. Nous serions ravis de vous accompagner ! T\u00e9l\u00e9phone +33 6 65 87 70 34 mail contact@kaliprodaction.com Des questions ou une id\u00e9e en t\u00eate ? Dites-nous tout, on s\u2019occupe du reste !<\/p>","protected":false},"author":1,"featured_media":0,"parent":0,"menu_order":0,"comment_status":"closed","ping_status":"closed","template":"","meta":{"inline_featured_image":false,"footnotes":""},"class_list":["post-66","page","type-page","status-publish","hentry"],"yoast_head":"<!-- This site is optimized with the Yoast SEO plugin v24.7 - https:\/\/yoast.com\/wordpress\/plugins\/seo\/ -->\n<title>Contactez-nous - Kaliprod&#039;Action<\/title>\n<meta name=\"description\" content=\"Des questions ou une id\u00e9e en t\u00eate ? Dites-nous tout, on s\u2019occupe du reste ! Chez Kaliprod&#039;Action, nous repoussons les limites de la cr\u00e9ation pour donner vie \u00e0 des projets \u00e0 fort impact et durables.\" \/>\n<meta name=\"robots\" content=\"index, follow, max-snippet:-1, max-image-preview:large, max-video-preview:-1\" \/>\n<link rel=\"canonical\" href=\"https:\/\/kaliprodaction.com\/en\/contact\/\" \/>\n<meta property=\"og:locale\" content=\"en_GB\" \/>\n<meta property=\"og:type\" content=\"article\" \/>\n<meta property=\"og:title\" content=\"Contactez-nous - Kaliprod&#039;Action\" \/>\n<meta property=\"og:description\" content=\"Des questions ou une id\u00e9e en t\u00eate ? Dites-nous tout, on s\u2019occupe du reste ! Chez Kaliprod&#039;Action, nous repoussons les limites de la cr\u00e9ation pour donner vie \u00e0 des projets \u00e0 fort impact et durables.\" \/>\n<meta property=\"og:url\" content=\"https:\/\/kaliprodaction.com\/en\/contact\/\" \/>\n<meta property=\"og:site_name\" content=\"Kaliprod&#039;Action\" \/>\n<meta property=\"article:modified_time\" content=\"2025-03-28T15:48:12+00:00\" \/>\n<meta property=\"og:image\" content=\"https:\/\/kaliprodaction.com\/wp-content\/uploads\/2025\/02\/Fichier-22.svg\" \/>\n<meta name=\"twitter:card\" content=\"summary_large_image\" \/>\n<meta name=\"twitter:label1\" content=\"Estimated reading time\" \/>\n\t<meta name=\"twitter:data1\" content=\"1 minute\" \/>\n<script type=\"application\/ld+json\" class=\"yoast-schema-graph\">{\"@context\":\"https:\/\/schema.org\",\"@graph\":[{\"@type\":\"WebPage\",\"@id\":\"https:\/\/kaliprodaction.com\/contact\/\",\"url\":\"https:\/\/kaliprodaction.com\/contact\/\",\"name\":\"Contactez-nous - Kaliprod&#039;Action\",\"isPartOf\":{\"@id\":\"https:\/\/www.kaliprodaction.com\/en\/#website\"},\"primaryImageOfPage\":{\"@id\":\"https:\/\/kaliprodaction.com\/contact\/#primaryimage\"},\"image\":{\"@id\":\"https:\/\/kaliprodaction.com\/contact\/#primaryimage\"},\"thumbnailUrl\":\"https:\/\/kaliprodaction.com\/wp-content\/uploads\/2025\/02\/Fichier-22.svg\",\"datePublished\":\"2025-02-04T09:13:26+00:00\",\"dateModified\":\"2025-03-28T15:48:12+00:00\",\"description\":\"Des questions ou une id\u00e9e en t\u00eate ? Dites-nous tout, on s\u2019occupe du reste ! Chez Kaliprod'Action, nous repoussons les limites de la cr\u00e9ation pour donner vie \u00e0 des projets \u00e0 fort impact et durables.\",\"breadcrumb\":{\"@id\":\"https:\/\/kaliprodaction.com\/contact\/#breadcrumb\"},\"inLanguage\":\"en-GB\",\"potentialAction\":[{\"@type\":\"ReadAction\",\"target\":[\"https:\/\/kaliprodaction.com\/contact\/\"]}]},{\"@type\":\"ImageObject\",\"inLanguage\":\"en-GB\",\"@id\":\"https:\/\/kaliprodaction.com\/contact\/#primaryimage\",\"url\":\"https:\/\/kaliprodaction.com\/wp-content\/uploads\/2025\/02\/Fichier-22.svg\",\"contentUrl\":\"https:\/\/kaliprodaction.com\/wp-content\/uploads\/2025\/02\/Fichier-22.svg\"},{\"@type\":\"BreadcrumbList\",\"@id\":\"https:\/\/kaliprodaction.com\/contact\/#breadcrumb\",\"itemListElement\":[{\"@type\":\"ListItem\",\"position\":1,\"name\":\"Home\",\"item\":\"https:\/\/www.kaliprodaction.com\/en\/\"},{\"@type\":\"ListItem\",\"position\":2,\"name\":\"Contact\"}]},{\"@type\":\"WebSite\",\"@id\":\"https:\/\/www.kaliprodaction.com\/en\/#website\",\"url\":\"https:\/\/www.kaliprodaction.com\/en\/\",\"name\":\"Kaliprod'Action\",\"description\":\"\",\"publisher\":{\"@id\":\"https:\/\/www.kaliprodaction.com\/en\/#organization\"},\"potentialAction\":[{\"@type\":\"SearchAction\",\"target\":{\"@type\":\"EntryPoint\",\"urlTemplate\":\"https:\/\/www.kaliprodaction.com\/en\/?s={search_term_string}\"},\"query-input\":{\"@type\":\"PropertyValueSpecification\",\"valueRequired\":true,\"valueName\":\"search_term_string\"}}],\"inLanguage\":\"en-GB\"},{\"@type\":\"Organization\",\"@id\":\"https:\/\/www.kaliprodaction.com\/en\/#organization\",\"name\":\"Kaliprod'Action\",\"url\":\"https:\/\/www.kaliprodaction.com\/en\/\",\"logo\":{\"@type\":\"ImageObject\",\"inLanguage\":\"en-GB\",\"@id\":\"https:\/\/www.kaliprodaction.com\/en\/#\/schema\/logo\/image\/\",\"url\":\"https:\/\/kaliprodaction.com\/wp-content\/uploads\/2025\/03\/FAVICON.png\",\"contentUrl\":\"https:\/\/kaliprodaction.com\/wp-content\/uploads\/2025\/03\/FAVICON.png\",\"width\":512,\"height\":512,\"caption\":\"Kaliprod'Action\"},\"image\":{\"@id\":\"https:\/\/www.kaliprodaction.com\/en\/#\/schema\/logo\/image\/\"}}]}<\/script>\n<!-- \/ Yoast SEO plugin. -->","yoast_head_json":{"title":"Contactez-nous - Kaliprod&#039;Action","description":"Des questions ou une id\u00e9e en t\u00eate ? Dites-nous tout, on s\u2019occupe du reste ! Chez Kaliprod'Action, nous repoussons les limites de la cr\u00e9ation pour donner vie \u00e0 des projets \u00e0 fort impact et durables.","robots":{"index":"index","follow":"follow","max-snippet":"max-snippet:-1","max-image-preview":"max-image-preview:large","max-video-preview":"max-video-preview:-1"},"canonical":"https:\/\/kaliprodaction.com\/en\/contact\/","og_locale":"en_GB","og_type":"article","og_title":"Contactez-nous - Kaliprod&#039;Action","og_description":"Des questions ou une id\u00e9e en t\u00eate ? Dites-nous tout, on s\u2019occupe du reste ! Chez Kaliprod'Action, nous repoussons les limites de la cr\u00e9ation pour donner vie \u00e0 des projets \u00e0 fort impact et durables.","og_url":"https:\/\/kaliprodaction.com\/en\/contact\/","og_site_name":"Kaliprod&#039;Action","article_modified_time":"2025-03-28T15:48:12+00:00","og_image":[{"url":"https:\/\/kaliprodaction.com\/wp-content\/uploads\/2025\/02\/Fichier-22.svg","type":"","width":"","height":""}],"twitter_card":"summary_large_image","twitter_misc":{"Estimated reading time":"1 minute"},"schema":{"@context":"https:\/\/schema.org","@graph":[{"@type":"WebPage","@id":"https:\/\/kaliprodaction.com\/contact\/","url":"https:\/\/kaliprodaction.com\/contact\/","name":"Contactez-nous - Kaliprod&#039;Action","isPartOf":{"@id":"https:\/\/www.kaliprodaction.com\/en\/#website"},"primaryImageOfPage":{"@id":"https:\/\/kaliprodaction.com\/contact\/#primaryimage"},"image":{"@id":"https:\/\/kaliprodaction.com\/contact\/#primaryimage"},"thumbnailUrl":"https:\/\/kaliprodaction.com\/wp-content\/uploads\/2025\/02\/Fichier-22.svg","datePublished":"2025-02-04T09:13:26+00:00","dateModified":"2025-03-28T15:48:12+00:00","description":"Des questions ou une id\u00e9e en t\u00eate ? Dites-nous tout, on s\u2019occupe du reste ! Chez Kaliprod'Action, nous repoussons les limites de la cr\u00e9ation pour donner vie \u00e0 des projets \u00e0 fort impact et durables.","breadcrumb":{"@id":"https:\/\/kaliprodaction.com\/contact\/#breadcrumb"},"inLanguage":"en-GB","potentialAction":[{"@type":"ReadAction","target":["https:\/\/kaliprodaction.com\/contact\/"]}]},{"@type":"ImageObject","inLanguage":"en-GB","@id":"https:\/\/kaliprodaction.com\/contact\/#primaryimage","url":"https:\/\/kaliprodaction.com\/wp-content\/uploads\/2025\/02\/Fichier-22.svg","contentUrl":"https:\/\/kaliprodaction.com\/wp-content\/uploads\/2025\/02\/Fichier-22.svg"},{"@type":"BreadcrumbList","@id":"https:\/\/kaliprodaction.com\/contact\/#breadcrumb","itemListElement":[{"@type":"ListItem","position":1,"name":"Home","item":"https:\/\/www.kaliprodaction.com\/en\/"},{"@type":"ListItem","position":2,"name":"Contact"}]},{"@type":"WebSite","@id":"https:\/\/www.kaliprodaction.com\/en\/#website","url":"https:\/\/www.kaliprodaction.com\/en\/","name":"Kaliprod'Action","description":"","publisher":{"@id":"https:\/\/www.kaliprodaction.com\/en\/#organization"},"potentialAction":[{"@type":"SearchAction","target":{"@type":"EntryPoint","urlTemplate":"https:\/\/www.kaliprodaction.com\/en\/?s={search_term_string}"},"query-input":{"@type":"PropertyValueSpecification","valueRequired":true,"valueName":"search_term_string"}}],"inLanguage":"en-GB"},{"@type":"Organization","@id":"https:\/\/www.kaliprodaction.com\/en\/#organization","name":"Kaliprod'Action","url":"https:\/\/www.kaliprodaction.com\/en\/","logo":{"@type":"ImageObject","inLanguage":"en-GB","@id":"https:\/\/www.kaliprodaction.com\/en\/#\/schema\/logo\/image\/","url":"https:\/\/kaliprodaction.com\/wp-content\/uploads\/2025\/03\/FAVICON.png","contentUrl":"https:\/\/kaliprodaction.com\/wp-content\/uploads\/2025\/03\/FAVICON.png","width":512,"height":512,"caption":"Kaliprod'Action"},"image":{"@id":"https:\/\/www.kaliprodaction.com\/en\/#\/schema\/logo\/image\/"}}]}},"_links":{"self":[{"href":"https:\/\/kaliprodaction.com\/en\/wp-json\/wp\/v2\/pages\/66","targetHints":{"allow":["GET"]}}],"collection":[{"href":"https:\/\/kaliprodaction.com\/en\/wp-json\/wp\/v2\/pages"}],"about":[{"href":"https:\/\/kaliprodaction.com\/en\/wp-json\/wp\/v2\/types\/page"}],"author":[{"embeddable":true,"href":"https:\/\/kaliprodaction.com\/en\/wp-json\/wp\/v2\/users\/1"}],"replies":[{"embeddable":true,"href":"https:\/\/kaliprodaction.com\/en\/wp-json\/wp\/v2\/comments?post=66"}],"version-history":[{"count":67,"href":"https:\/\/kaliprodaction.com\/en\/wp-json\/wp\/v2\/pages\/66\/revisions"}],"predecessor-version":[{"id":1141,"href":"https:\/\/kaliprodaction.com\/en\/wp-json\/wp\/v2\/pages\/66\/revisions\/1141"}],"wp:attachment":[{"href":"https:\/\/kaliprodaction.com\/en\/wp-json\/wp\/v2\/media?parent=66"}],"curies":[{"name":"wp","href":"https:\/\/api.w.org\/{rel}","templated":true}]}}